{"id":5247,"date":"2023-06-10T17:30:19","date_gmt":"2023-06-10T17:30:19","guid":{"rendered":"https:\/\/goquitohotel.com\/?page_id=5247"},"modified":"2025-08-29T17:51:09","modified_gmt":"2025-08-29T17:51:09","slug":"location","status":"publish","type":"page","link":"https:\/\/goquitohotel.com\/es\/location\/","title":{"rendered":"Ubicaci\u00f3n"},"content":{"rendered":"<div data-elementor-type=\"wp-page\" data-elementor-id=\"5247\" class=\"elementor elementor-5247\" data-elementor-post-type=\"page\">\n\t\t\t\t\t\t<section class=\"elementor-section elementor-top-section elementor-element elementor-element-bb5256a elementor-section-full_width elementor-section-height-default elementor-section-height-default\" data-id=\"bb5256a\" data-element_type=\"section\" data-settings=\"{&quot;background_background&quot;:&quot;classic&quot;}\">\n\t\t\t\t\t\t\t<div class=\"elementor-background-overlay\"><\/div>\n\t\t\t\t\t\t\t<div class=\"elementor-container elementor-column-gap-no\">\n\t\t\t\t\t<div class=\"elementor-column elementor-col-100 elementor-top-column elementor-element elementor-element-dec0541\" data-id=\"dec0541\" data-element_type=\"column\">\n\t\t\t<div class=\"elementor-widget-wrap elementor-element-populated\">\n\t\t\t\t\t\t<div class=\"elementor-element elementor-element-80e1cce banner-pages elementor-widget elementor-widget-kinsley-intro\" data-id=\"80e1cce\" data-element_type=\"widget\" data-widget_type=\"kinsley-intro.default\">\n\t\t\t\t<div class=\"elementor-widget-container\">\n\t\t\t\t\t\n    <!-- banner -->\n    <section class=\"knsl-banner-simple knsl-transition-bottom knsl-banner-white\">\n      \n      <div class=\"container\">\n        <div class=\"row\">\n          <div class=\"col-lg-12\">\n\n            <div class=\"knsl-center knsl-title-frame\">\n                            <div class=\"knsl-title--h knsl-mb-20 knsl-h1-inner\">\n                <span >\n                    Ubicaci\u00f3n                <\/span>\n              <\/div>\n                            \n              \n            <\/div>\n\n          <\/div>\n        <\/div>\n      <\/div>\n    <\/section>\n    <!-- banner end -->\n\n\t\t\t\t\t\t<\/div>\n\t\t\t\t<\/div>\n\t\t\t\t\t<\/div>\n\t\t<\/div>\n\t\t\t\t\t<\/div>\n\t\t<\/section>\n\t\t\t\t<section class=\"elementor-section elementor-top-section elementor-element elementor-element-119293a padding-block elementor-section-boxed elementor-section-height-default elementor-section-height-default\" data-id=\"119293a\" data-element_type=\"section\">\n\t\t\t\t\t\t<div class=\"elementor-container elementor-column-gap-default\">\n\t\t\t\t\t<div class=\"elementor-column elementor-col-100 elementor-top-column elementor-element elementor-element-eb24ea6\" data-id=\"eb24ea6\" data-element_type=\"column\">\n\t\t\t<div class=\"elementor-widget-wrap elementor-element-populated\">\n\t\t\t\t\t\t<div class=\"elementor-element elementor-element-c07b4a8 elementor-widget elementor-widget-google_maps\" data-id=\"c07b4a8\" data-element_type=\"widget\" data-widget_type=\"google_maps.default\">\n\t\t\t\t<div class=\"elementor-widget-container\">\n\t\t\t\t\t\t\t<div class=\"elementor-custom-embed\">\n\t\t\t<iframe\n\t\t\t\t\tdata-src=\"https:\/\/maps.google.com\/maps?q=Go%20Quito%20Hotel&#038;t=m&#038;z=14&#038;output=embed&#038;iwloc=near\"\n\t\t\t\t\ttitle=\"GO Quito Hotel\"\n\t\t\t\t\taria-label=\"GO Quito Hotel\"\n\t\t\t src=\"data:image\/gif;base64,R0lGODlhAQABAAAAACH5BAEKAAEALAAAAAABAAEAAAICTAEAOw==\" class=\"lazyload\" data-load-mode=\"1\"><\/iframe>\n\t\t<\/div>\n\t\t\t\t\t\t<\/div>\n\t\t\t\t<\/div>\n\t\t\t\t\t<\/div>\n\t\t<\/div>\n\t\t\t\t\t<\/div>\n\t\t<\/section>\n\t\t\t\t<section class=\"elementor-section elementor-top-section elementor-element elementor-element-1edd412 padding-block elementor-section-boxed elementor-section-height-default elementor-section-height-default\" data-id=\"1edd412\" data-element_type=\"section\" data-settings=\"{&quot;background_background&quot;:&quot;classic&quot;}\">\n\t\t\t\t\t\t<div class=\"elementor-container elementor-column-gap-no\">\n\t\t\t\t\t<div class=\"elementor-column elementor-col-100 elementor-top-column elementor-element elementor-element-d8a79f3\" data-id=\"d8a79f3\" data-element_type=\"column\">\n\t\t\t<div class=\"elementor-widget-wrap elementor-element-populated\">\n\t\t\t\t\t\t<div class=\"elementor-element elementor-element-71feda5 elementor-widget elementor-widget-text-editor\" data-id=\"71feda5\" data-element_type=\"widget\" data-widget_type=\"text-editor.default\">\n\t\t\t\t<div class=\"elementor-widget-container\">\n\t\t\t\t\t\t\t\t\t<p>Situado en el coraz\u00f3n del distrito financiero de Quito, en estrecha proximidad al Centro Hist\u00f3rico y a los principales parques urbanos como el Parque Metropolitano y La Carolina, GO Quito Hotel ofrece mucho m\u00e1s de lo que podr\u00eda esperar.<\/p><p>Nuestra direcci\u00f3n es Avenida Eloy Alfaro N34-151 &amp; Catalina Aldaz. GO Quito Hotel est\u00e1 estrat\u00e9gicamente ubicado en una importante avenida de la ciudad, en el centro de actividad empresarial y gubernamental. Con tiendas, supermercados, farmacias y bancos a pocos pasos de distancia, hacemos que tu estancia sea c\u00f3moda y conveniente. Adem\u00e1s encontrar\u00e1 varias opciones de entretenimiento, desde restaurantes de comida local e internacional hasta cines, teatros, museos y parques. Quito se despliega ante usted, y le invitamos a explorarla.<\/p><p>Nuestras instalaciones ofrecen comodidades modernas y un toque de lujo para una estancia inolvidable. Desde elegantes habitaciones hasta servicios excepcionales, cada detalle est\u00e1 dise\u00f1ado para satisfacer sus necesidades. Con la opci\u00f3n de 'Buscar Disponibilidad', planificar su escapada perfecta es m\u00e1s f\u00e1cil que nunca. Reserve ahora y sum\u00e9rjase en la experiencia \u00fanica que nuestra localidad tiene para ofrecer.<\/p><p><strong>Aeropuerto:<\/strong><\/p><p>Aeropuerto Internacional Mariscal Sucre: A solo 42 km del hotel, aproximadamente a 40 minutos en autom\u00f3vil.<\/p><p><strong>Lugares de inter\u00e9s cercanos:<\/strong><\/p><p>Plataforma Gubernamental: A tan solo 2 km de distancia.<\/p><p>Zona financiera: A 1 km de distancia.<\/p><p>Parque La Carolina: A 1 km de distancia.<\/p><p>Parque Guang\u00fciltagua: A 1 km de distancia.<\/p><p>Centro Comercial I\u00f1aquito: A 2 km de distancia.<\/p><p>Centro Comercial Quicentro: A 1 km de distancia.<\/p><p>Bas\u00edlica del Voto Nacional: A 5 km de distancia.<\/p><p>Mercado Artesanal: A 3.2 km de distancia.<\/p><p>Museo Oswaldo Guayasam\u00edn: A 1.3 km de distancia.<\/p><p>Hospital Metropolitano: A 3 km de distancia.<\/p><div>\u00a0<\/div>\t\t\t\t\t\t\t\t<\/div>\n\t\t\t\t<\/div>\n\t\t\t\t\t<\/div>\n\t\t<\/div>\n\t\t\t\t\t<\/div>\n\t\t<\/section>\n\t\t\t\t<\/div>","protected":false},"excerpt":{"rendered":"<p>Location Located in the financial district of Quito, it is close to the historic center and the main urban parks:&#8230; <span class=\"knsl-el-more\"><a href=\"https:\/\/goquitohotel.com\/es\/location\/\" class=\"knsl-btn\">Read more<span class=\"screen-reader-text\">Read more&nbsp;Location<\/span><\/a><\/span><\/p>","protected":false},"author":13,"featured_media":0,"parent":0,"menu_order":0,"comment_status":"closed","ping_status":"closed","template":"","meta":{"content-type":"","footnotes":""},"class_list":["post-5247","page","type-page","status-publish","hentry"],"acf":[],"yoast_head":"<!-- This site is optimized with the Yoast SEO plugin v24.9 - https:\/\/yoast.com\/wordpress\/plugins\/seo\/ -->\n<title>Location | GO Quito Hotel<\/title>\n<meta name=\"description\" content=\"GO Quito Hotel are located in the financial district of Quito, it is close to the historic center and the main urban park.\" \/>\n<meta name=\"robots\" content=\"index, follow, max-snippet:-1, max-image-preview:large, max-video-preview:-1\" \/>\n<link rel=\"canonical\" href=\"https:\/\/goquitohotel.com\/es\/location\/\" \/>\n<meta property=\"og:locale\" content=\"es_ES\" \/>\n<meta property=\"og:type\" content=\"article\" \/>\n<meta property=\"og:title\" content=\"Location | GO Quito Hotel\" \/>\n<meta property=\"og:description\" content=\"GO Quito Hotel are located in the financial district of Quito, it is close to the historic center and the main urban park.\" \/>\n<meta property=\"og:url\" content=\"https:\/\/goquitohotel.com\/es\/location\/\" \/>\n<meta property=\"og:site_name\" content=\"GO Quito Hotel\" \/>\n<meta property=\"article:publisher\" content=\"https:\/\/www.facebook.com\/goquitohotel593\/\" \/>\n<meta property=\"article:modified_time\" content=\"2025-08-29T17:51:09+00:00\" \/>\n<meta name=\"twitter:card\" content=\"summary_large_image\" \/>\n<meta name=\"twitter:label1\" content=\"Tiempo de lectura\" \/>\n\t<meta name=\"twitter:data1\" content=\"1 minuto\" \/>\n<script type=\"application\/ld+json\" class=\"yoast-schema-graph\">{\"@context\":\"https:\/\/schema.org\",\"@graph\":[{\"@type\":\"WebPage\",\"@id\":\"https:\/\/goquitohotel.com\/location\/\",\"url\":\"https:\/\/goquitohotel.com\/location\/\",\"name\":\"Location | GO Quito Hotel\",\"isPartOf\":{\"@id\":\"https:\/\/goquitohotel.com\/#website\"},\"datePublished\":\"2023-06-10T17:30:19+00:00\",\"dateModified\":\"2025-08-29T17:51:09+00:00\",\"description\":\"GO Quito Hotel are located in the financial district of Quito, it is close to the historic center and the main urban park.\",\"breadcrumb\":{\"@id\":\"https:\/\/goquitohotel.com\/location\/#breadcrumb\"},\"inLanguage\":\"es\",\"potentialAction\":[{\"@type\":\"ReadAction\",\"target\":[\"https:\/\/goquitohotel.com\/location\/\"]}]},{\"@type\":\"BreadcrumbList\",\"@id\":\"https:\/\/goquitohotel.com\/location\/#breadcrumb\",\"itemListElement\":[{\"@type\":\"ListItem\",\"position\":1,\"name\":\"Home\",\"item\":\"https:\/\/goquitohotel.com\/\"},{\"@type\":\"ListItem\",\"position\":2,\"name\":\"Location\"}]},{\"@type\":\"WebSite\",\"@id\":\"https:\/\/goquitohotel.com\/#website\",\"url\":\"https:\/\/goquitohotel.com\/\",\"name\":\"GO Quito Hotel\",\"description\":\"Business and leisure hotel in Quito\",\"publisher\":{\"@id\":\"https:\/\/goquitohotel.com\/#organization\"},\"potentialAction\":[{\"@type\":\"SearchAction\",\"target\":{\"@type\":\"EntryPoint\",\"urlTemplate\":\"https:\/\/goquitohotel.com\/?s={search_term_string}\"},\"query-input\":{\"@type\":\"PropertyValueSpecification\",\"valueRequired\":true,\"valueName\":\"search_term_string\"}}],\"inLanguage\":\"es\"},{\"@type\":\"Organization\",\"@id\":\"https:\/\/goquitohotel.com\/#organization\",\"name\":\"GO Quito Hotel\",\"url\":\"https:\/\/goquitohotel.com\/\",\"logo\":{\"@type\":\"ImageObject\",\"inLanguage\":\"es\",\"@id\":\"https:\/\/goquitohotel.com\/#\/schema\/logo\/image\/\",\"url\":\"https:\/\/goquitohotel.com\/wp-content\/uploads\/2023\/06\/preloaderlogo.png\",\"contentUrl\":\"https:\/\/goquitohotel.com\/wp-content\/uploads\/2023\/06\/preloaderlogo.png\",\"width\":81,\"height\":69,\"caption\":\"GO Quito Hotel\"},\"image\":{\"@id\":\"https:\/\/goquitohotel.com\/#\/schema\/logo\/image\/\"},\"sameAs\":[\"https:\/\/www.facebook.com\/goquitohotel593\/\",\"https:\/\/www.instagram.com\/goquitohotel\/\",\"https:\/\/www.linkedin.com\/company\/goquitohotel\/\"]}]}<\/script>\n<!-- \/ Yoast SEO plugin. -->","yoast_head_json":{"title":"Location | GO Quito Hotel","description":"GO Quito Hotel are located in the financial district of Quito, it is close to the historic center and the main urban park.","robots":{"index":"index","follow":"follow","max-snippet":"max-snippet:-1","max-image-preview":"max-image-preview:large","max-video-preview":"max-video-preview:-1"},"canonical":"https:\/\/goquitohotel.com\/es\/location\/","og_locale":"es_ES","og_type":"article","og_title":"Location | GO Quito Hotel","og_description":"GO Quito Hotel are located in the financial district of Quito, it is close to the historic center and the main urban park.","og_url":"https:\/\/goquitohotel.com\/es\/location\/","og_site_name":"GO Quito Hotel","article_publisher":"https:\/\/www.facebook.com\/goquitohotel593\/","article_modified_time":"2025-08-29T17:51:09+00:00","twitter_card":"summary_large_image","twitter_misc":{"Tiempo de lectura":"1 minuto"},"schema":{"@context":"https:\/\/schema.org","@graph":[{"@type":"WebPage","@id":"https:\/\/goquitohotel.com\/location\/","url":"https:\/\/goquitohotel.com\/location\/","name":"Location | GO Quito Hotel","isPartOf":{"@id":"https:\/\/goquitohotel.com\/#website"},"datePublished":"2023-06-10T17:30:19+00:00","dateModified":"2025-08-29T17:51:09+00:00","description":"GO Quito Hotel are located in the financial district of Quito, it is close to the historic center and the main urban park.","breadcrumb":{"@id":"https:\/\/goquitohotel.com\/location\/#breadcrumb"},"inLanguage":"es","potentialAction":[{"@type":"ReadAction","target":["https:\/\/goquitohotel.com\/location\/"]}]},{"@type":"BreadcrumbList","@id":"https:\/\/goquitohotel.com\/location\/#breadcrumb","itemListElement":[{"@type":"ListItem","position":1,"name":"Home","item":"https:\/\/goquitohotel.com\/"},{"@type":"ListItem","position":2,"name":"Location"}]},{"@type":"WebSite","@id":"https:\/\/goquitohotel.com\/#website","url":"https:\/\/goquitohotel.com\/","name":"GO Quito Hotel","description":"Business and leisure hotel in Quito","publisher":{"@id":"https:\/\/goquitohotel.com\/#organization"},"potentialAction":[{"@type":"SearchAction","target":{"@type":"EntryPoint","urlTemplate":"https:\/\/goquitohotel.com\/?s={search_term_string}"},"query-input":{"@type":"PropertyValueSpecification","valueRequired":true,"valueName":"search_term_string"}}],"inLanguage":"es"},{"@type":"Organization","@id":"https:\/\/goquitohotel.com\/#organization","name":"GO Quito Hotel","url":"https:\/\/goquitohotel.com\/","logo":{"@type":"ImageObject","inLanguage":"es","@id":"https:\/\/goquitohotel.com\/#\/schema\/logo\/image\/","url":"https:\/\/goquitohotel.com\/wp-content\/uploads\/2023\/06\/preloaderlogo.png","contentUrl":"https:\/\/goquitohotel.com\/wp-content\/uploads\/2023\/06\/preloaderlogo.png","width":81,"height":69,"caption":"GO Quito Hotel"},"image":{"@id":"https:\/\/goquitohotel.com\/#\/schema\/logo\/image\/"},"sameAs":["https:\/\/www.facebook.com\/goquitohotel593\/","https:\/\/www.instagram.com\/goquitohotel\/","https:\/\/www.linkedin.com\/company\/goquitohotel\/"]}]}},"_links":{"self":[{"href":"https:\/\/goquitohotel.com\/es\/wp-json\/wp\/v2\/pages\/5247","targetHints":{"allow":["GET"]}}],"collection":[{"href":"https:\/\/goquitohotel.com\/es\/wp-json\/wp\/v2\/pages"}],"about":[{"href":"https:\/\/goquitohotel.com\/es\/wp-json\/wp\/v2\/types\/page"}],"author":[{"embeddable":true,"href":"https:\/\/goquitohotel.com\/es\/wp-json\/wp\/v2\/users\/13"}],"replies":[{"embeddable":true,"href":"https:\/\/goquitohotel.com\/es\/wp-json\/wp\/v2\/comments?post=5247"}],"version-history":[{"count":0,"href":"https:\/\/goquitohotel.com\/es\/wp-json\/wp\/v2\/pages\/5247\/revisions"}],"wp:attachment":[{"href":"https:\/\/goquitohotel.com\/es\/wp-json\/wp\/v2\/media?parent=5247"}],"curies":[{"name":"wp","href":"https:\/\/api.w.org\/{rel}","templated":true}]}}